{"id":68303,"date":"2021-06-24T13:03:27","date_gmt":"2021-06-24T13:03:27","guid":{"rendered":"https:\/\/rilastil.com\/notre-responsabilite"},"modified":"2021-06-24T16:42:00","modified_gmt":"2021-06-24T16:42:00","slug":"notre-responsabilite","status":"publish","type":"page","link":"https:\/\/rilastil.com\/fr\/notre-responsabilite\/","title":{"rendered":"Notre responsabilit\u00e9"},"content":{"rendered":"","protected":false},"excerpt":{"rendered":"","protected":false},"author":11,"featured_media":0,"parent":0,"menu_order":0,"comment_status":"closed","ping_status":"closed","template":"","meta":{"inline_featured_image":false},"yoast_head":"<!-- This site is optimized with the Yoast SEO plugin v20.6 - https:\/\/yoast.com\/wordpress\/plugins\/seo\/ -->\n<title>Notre responsabilit\u00e9 - Rilastil<\/title>\n<meta name=\"description\" content=\"Pour nous chez Rilastil, \u00eatre responsables signifie s\u2019engager \u00e0 am\u00e9liorer notre impact sur la plan\u00e8te, en sachant que chaque innovation \u2013 de l\u2019emballage \u00e0 la formule \u2013 peut faire la diff\u00e9rence.\" \/>\n<meta name=\"robots\" content=\"index, follow, max-snippet:-1, max-image-preview:large, max-video-preview:-1\" \/>\n<link rel=\"canonical\" href=\"https:\/\/rilastil.com\/fr\/notre-responsabilite\/\" \/>\n<meta property=\"og:locale\" content=\"fr_FR\" \/>\n<meta property=\"og:type\" content=\"article\" \/>\n<meta property=\"og:title\" content=\"Notre responsabilit\u00e9 - Rilastil\" \/>\n<meta property=\"og:description\" content=\"Pour nous chez Rilastil, \u00eatre responsables signifie s\u2019engager \u00e0 am\u00e9liorer notre impact sur la plan\u00e8te, en sachant que chaque innovation \u2013 de l\u2019emballage \u00e0 la formule \u2013 peut faire la diff\u00e9rence.\" \/>\n<meta property=\"og:url\" content=\"https:\/\/rilastil.com\/fr\/notre-responsabilite\/\" \/>\n<meta property=\"og:site_name\" content=\"Rilastil\" \/>\n<meta property=\"article:modified_time\" content=\"2021-06-24T16:42:00+00:00\" \/>\n<meta name=\"twitter:card\" content=\"summary_large_image\" \/>\n<script type=\"application\/ld+json\" class=\"yoast-schema-graph\">{\"@context\":\"https:\/\/schema.org\",\"@graph\":[{\"@type\":\"WebPage\",\"@id\":\"https:\/\/rilastil.com\/fr\/notre-responsabilite\/\",\"url\":\"https:\/\/rilastil.com\/fr\/notre-responsabilite\/\",\"name\":\"Notre responsabilit\u00e9 - Rilastil\",\"isPartOf\":{\"@id\":\"https:\/\/rilastil.com\/fr\/#website\"},\"datePublished\":\"2021-06-24T13:03:27+00:00\",\"dateModified\":\"2021-06-24T16:42:00+00:00\",\"description\":\"Pour nous chez Rilastil, \u00eatre responsables signifie s\u2019engager \u00e0 am\u00e9liorer notre impact sur la plan\u00e8te, en sachant que chaque innovation \u2013 de l\u2019emballage \u00e0 la formule \u2013 peut faire la diff\u00e9rence.\",\"breadcrumb\":{\"@id\":\"https:\/\/rilastil.com\/fr\/notre-responsabilite\/#breadcrumb\"},\"inLanguage\":\"fr-FR\",\"potentialAction\":[{\"@type\":\"ReadAction\",\"target\":[\"https:\/\/rilastil.com\/fr\/notre-responsabilite\/\"]}]},{\"@type\":\"BreadcrumbList\",\"@id\":\"https:\/\/rilastil.com\/fr\/notre-responsabilite\/#breadcrumb\",\"itemListElement\":[{\"@type\":\"ListItem\",\"position\":1,\"name\":\"Home\",\"item\":\"https:\/\/rilastil.com\/fr\/\"},{\"@type\":\"ListItem\",\"position\":2,\"name\":\"Notre responsabilit\u00e9\"}]},{\"@type\":\"WebSite\",\"@id\":\"https:\/\/rilastil.com\/fr\/#website\",\"url\":\"https:\/\/rilastil.com\/fr\/\",\"name\":\"Rilastil\",\"description\":\"Laboratori Milano\",\"publisher\":{\"@id\":\"https:\/\/rilastil.com\/fr\/#organization\"},\"potentialAction\":[{\"@type\":\"SearchAction\",\"target\":{\"@type\":\"EntryPoint\",\"urlTemplate\":\"https:\/\/rilastil.com\/fr\/?s={search_term_string}\"},\"query-input\":\"required name=search_term_string\"}],\"inLanguage\":\"fr-FR\"},{\"@type\":\"Organization\",\"@id\":\"https:\/\/rilastil.com\/fr\/#organization\",\"name\":\"Rilastil\",\"url\":\"https:\/\/rilastil.com\/fr\/\",\"logo\":{\"@type\":\"ImageObject\",\"inLanguage\":\"fr-FR\",\"@id\":\"https:\/\/rilastil.com\/fr\/#\/schema\/logo\/image\/\",\"url\":\"https:\/\/rilastil.com\/wp-content\/uploads\/2019\/02\/cropped-Logo-Rilastil@2x.png\",\"contentUrl\":\"https:\/\/rilastil.com\/wp-content\/uploads\/2019\/02\/cropped-Logo-Rilastil@2x.png\",\"width\":200,\"height\":122,\"caption\":\"Rilastil\"},\"image\":{\"@id\":\"https:\/\/rilastil.com\/fr\/#\/schema\/logo\/image\/\"}}]}<\/script>\n<!-- \/ Yoast SEO plugin. -->","yoast_head_json":{"title":"Notre responsabilit\u00e9 - Rilastil","description":"Pour nous chez Rilastil, \u00eatre responsables signifie s\u2019engager \u00e0 am\u00e9liorer notre impact sur la plan\u00e8te, en sachant que chaque innovation \u2013 de l\u2019emballage \u00e0 la formule \u2013 peut faire la diff\u00e9rence.","robots":{"index":"index","follow":"follow","max-snippet":"max-snippet:-1","max-image-preview":"max-image-preview:large","max-video-preview":"max-video-preview:-1"},"canonical":"https:\/\/rilastil.com\/fr\/notre-responsabilite\/","og_locale":"fr_FR","og_type":"article","og_title":"Notre responsabilit\u00e9 - Rilastil","og_description":"Pour nous chez Rilastil, \u00eatre responsables signifie s\u2019engager \u00e0 am\u00e9liorer notre impact sur la plan\u00e8te, en sachant que chaque innovation \u2013 de l\u2019emballage \u00e0 la formule \u2013 peut faire la diff\u00e9rence.","og_url":"https:\/\/rilastil.com\/fr\/notre-responsabilite\/","og_site_name":"Rilastil","article_modified_time":"2021-06-24T16:42:00+00:00","twitter_card":"summary_large_image","schema":{"@context":"https:\/\/schema.org","@graph":[{"@type":"WebPage","@id":"https:\/\/rilastil.com\/fr\/notre-responsabilite\/","url":"https:\/\/rilastil.com\/fr\/notre-responsabilite\/","name":"Notre responsabilit\u00e9 - Rilastil","isPartOf":{"@id":"https:\/\/rilastil.com\/fr\/#website"},"datePublished":"2021-06-24T13:03:27+00:00","dateModified":"2021-06-24T16:42:00+00:00","description":"Pour nous chez Rilastil, \u00eatre responsables signifie s\u2019engager \u00e0 am\u00e9liorer notre impact sur la plan\u00e8te, en sachant que chaque innovation \u2013 de l\u2019emballage \u00e0 la formule \u2013 peut faire la diff\u00e9rence.","breadcrumb":{"@id":"https:\/\/rilastil.com\/fr\/notre-responsabilite\/#breadcrumb"},"inLanguage":"fr-FR","potentialAction":[{"@type":"ReadAction","target":["https:\/\/rilastil.com\/fr\/notre-responsabilite\/"]}]},{"@type":"BreadcrumbList","@id":"https:\/\/rilastil.com\/fr\/notre-responsabilite\/#breadcrumb","itemListElement":[{"@type":"ListItem","position":1,"name":"Home","item":"https:\/\/rilastil.com\/fr\/"},{"@type":"ListItem","position":2,"name":"Notre responsabilit\u00e9"}]},{"@type":"WebSite","@id":"https:\/\/rilastil.com\/fr\/#website","url":"https:\/\/rilastil.com\/fr\/","name":"Rilastil","description":"Laboratori Milano","publisher":{"@id":"https:\/\/rilastil.com\/fr\/#organization"},"potentialAction":[{"@type":"SearchAction","target":{"@type":"EntryPoint","urlTemplate":"https:\/\/rilastil.com\/fr\/?s={search_term_string}"},"query-input":"required name=search_term_string"}],"inLanguage":"fr-FR"},{"@type":"Organization","@id":"https:\/\/rilastil.com\/fr\/#organization","name":"Rilastil","url":"https:\/\/rilastil.com\/fr\/","logo":{"@type":"ImageObject","inLanguage":"fr-FR","@id":"https:\/\/rilastil.com\/fr\/#\/schema\/logo\/image\/","url":"https:\/\/rilastil.com\/wp-content\/uploads\/2019\/02\/cropped-Logo-Rilastil@2x.png","contentUrl":"https:\/\/rilastil.com\/wp-content\/uploads\/2019\/02\/cropped-Logo-Rilastil@2x.png","width":200,"height":122,"caption":"Rilastil"},"image":{"@id":"https:\/\/rilastil.com\/fr\/#\/schema\/logo\/image\/"}}]}},"_links":{"self":[{"href":"https:\/\/rilastil.com\/fr\/wp-json\/wp\/v2\/pages\/68303"}],"collection":[{"href":"https:\/\/rilastil.com\/fr\/wp-json\/wp\/v2\/pages"}],"about":[{"href":"https:\/\/rilastil.com\/fr\/wp-json\/wp\/v2\/types\/page"}],"author":[{"embeddable":true,"href":"https:\/\/rilastil.com\/fr\/wp-json\/wp\/v2\/users\/11"}],"replies":[{"embeddable":true,"href":"https:\/\/rilastil.com\/fr\/wp-json\/wp\/v2\/comments?post=68303"}],"version-history":[{"count":2,"href":"https:\/\/rilastil.com\/fr\/wp-json\/wp\/v2\/pages\/68303\/revisions"}],"predecessor-version":[{"id":68305,"href":"https:\/\/rilastil.com\/fr\/wp-json\/wp\/v2\/pages\/68303\/revisions\/68305"}],"wp:attachment":[{"href":"https:\/\/rilastil.com\/fr\/wp-json\/wp\/v2\/media?parent=68303"}],"curies":[{"name":"wp","href":"https:\/\/api.w.org\/{rel}","templated":true}]}}