{"id":54198,"date":"2020-08-06T10:09:15","date_gmt":"2020-08-06T10:09:15","guid":{"rendered":"https:\/\/rilastil.com\/?post_type=product&#038;p=54198"},"modified":"2021-03-31T16:27:44","modified_gmt":"2021-03-31T16:27:44","slug":"complement-alimentaire","status":"publish","type":"product","link":"https:\/\/rilastil.com\/fr\/produit\/complement-alimentaire\/","title":{"rendered":"Compl\u00e9ment alimentaire"},"content":{"rendered":"<p>Pr\u00e9pare votre peau pour le soleil , Sans soleil et suppl\u00e9men , Sun System , Compl\u00e9ment alimentaire<\/p>\n","protected":false},"excerpt":{"rendered":"<p>Pr\u00e9pare votre peau pour le soleil , Sans soleil et suppl\u00e9men , Sun System , Compl\u00e9ment alimentaire<\/p>\n","protected":false},"featured_media":61768,"template":"","meta":{"inline_featured_image":false},"product_cat":[669,748,749,752,761,763,768,770,775],"product_tag":[],"yoast_head":"<!-- This site is optimized with the Yoast SEO plugin v20.6 - https:\/\/yoast.com\/wordpress\/plugins\/seo\/ -->\n<title>Compl\u00e9ment alimentaire - Rilastil<\/title>\n<meta name=\"robots\" content=\"index, follow, max-snippet:-1, max-image-preview:large, max-video-preview:-1\" \/>\n<link rel=\"canonical\" href=\"https:\/\/rilastil.com\/fr\/produit\/complement-alimentaire\/\" \/>\n<meta property=\"og:locale\" content=\"fr_FR\" \/>\n<meta property=\"og:type\" content=\"article\" \/>\n<meta property=\"og:title\" content=\"Compl\u00e9ment alimentaire - Rilastil\" \/>\n<meta property=\"og:description\" content=\"Pr\u00e9pare votre peau pour le soleil , Sans soleil et suppl\u00e9men , Sun System , Compl\u00e9ment alimentaire\" \/>\n<meta property=\"og:url\" content=\"https:\/\/rilastil.com\/fr\/produit\/complement-alimentaire\/\" \/>\n<meta property=\"og:site_name\" content=\"Rilastil\" \/>\n<meta property=\"article:modified_time\" content=\"2021-03-31T16:27:44+00:00\" \/>\n<meta property=\"og:image\" content=\"https:\/\/rilastil.com\/wp-content\/uploads\/2021\/02\/SS-_-INTEGRATORE.png\" \/>\n\t<meta property=\"og:image:width\" content=\"240\" \/>\n\t<meta property=\"og:image:height\" content=\"587\" \/>\n\t<meta property=\"og:image:type\" content=\"image\/png\" \/>\n<meta name=\"twitter:card\" content=\"summary_large_image\" \/>\n<script type=\"application\/ld+json\" class=\"yoast-schema-graph\">{\"@context\":\"https:\/\/schema.org\",\"@graph\":[{\"@type\":\"WebPage\",\"@id\":\"https:\/\/rilastil.com\/fr\/produit\/complement-alimentaire\/\",\"url\":\"https:\/\/rilastil.com\/fr\/produit\/complement-alimentaire\/\",\"name\":\"Compl\u00e9ment alimentaire - Rilastil\",\"isPartOf\":{\"@id\":\"https:\/\/rilastil.com\/fr\/#website\"},\"datePublished\":\"2020-08-06T10:09:15+00:00\",\"dateModified\":\"2021-03-31T16:27:44+00:00\",\"breadcrumb\":{\"@id\":\"https:\/\/rilastil.com\/fr\/produit\/complement-alimentaire\/#breadcrumb\"},\"inLanguage\":\"fr-FR\",\"potentialAction\":[{\"@type\":\"ReadAction\",\"target\":[\"https:\/\/rilastil.com\/fr\/produit\/complement-alimentaire\/\"]}]},{\"@type\":\"BreadcrumbList\",\"@id\":\"https:\/\/rilastil.com\/fr\/produit\/complement-alimentaire\/#breadcrumb\",\"itemListElement\":[{\"@type\":\"ListItem\",\"position\":1,\"name\":\"Home\",\"item\":\"https:\/\/rilastil.com\/fr\/\"},{\"@type\":\"ListItem\",\"position\":2,\"name\":\"Produits\",\"item\":\"https:\/\/rilastil.com\/fr\/shop\/\"},{\"@type\":\"ListItem\",\"position\":3,\"name\":\"Compl\u00e9ment alimentaire\"}]},{\"@type\":\"WebSite\",\"@id\":\"https:\/\/rilastil.com\/fr\/#website\",\"url\":\"https:\/\/rilastil.com\/fr\/\",\"name\":\"Rilastil\",\"description\":\"Laboratori Milano\",\"publisher\":{\"@id\":\"https:\/\/rilastil.com\/fr\/#organization\"},\"potentialAction\":[{\"@type\":\"SearchAction\",\"target\":{\"@type\":\"EntryPoint\",\"urlTemplate\":\"https:\/\/rilastil.com\/fr\/?s={search_term_string}\"},\"query-input\":\"required name=search_term_string\"}],\"inLanguage\":\"fr-FR\"},{\"@type\":\"Organization\",\"@id\":\"https:\/\/rilastil.com\/fr\/#organization\",\"name\":\"Rilastil\",\"url\":\"https:\/\/rilastil.com\/fr\/\",\"logo\":{\"@type\":\"ImageObject\",\"inLanguage\":\"fr-FR\",\"@id\":\"https:\/\/rilastil.com\/fr\/#\/schema\/logo\/image\/\",\"url\":\"https:\/\/rilastil.com\/wp-content\/uploads\/2019\/02\/cropped-Logo-Rilastil@2x.png\",\"contentUrl\":\"https:\/\/rilastil.com\/wp-content\/uploads\/2019\/02\/cropped-Logo-Rilastil@2x.png\",\"width\":200,\"height\":122,\"caption\":\"Rilastil\"},\"image\":{\"@id\":\"https:\/\/rilastil.com\/fr\/#\/schema\/logo\/image\/\"}}]}<\/script>\n<!-- \/ Yoast SEO plugin. -->","yoast_head_json":{"title":"Compl\u00e9ment alimentaire - Rilastil","robots":{"index":"index","follow":"follow","max-snippet":"max-snippet:-1","max-image-preview":"max-image-preview:large","max-video-preview":"max-video-preview:-1"},"canonical":"https:\/\/rilastil.com\/fr\/produit\/complement-alimentaire\/","og_locale":"fr_FR","og_type":"article","og_title":"Compl\u00e9ment alimentaire - Rilastil","og_description":"Pr\u00e9pare votre peau pour le soleil , Sans soleil et suppl\u00e9men , Sun System , Compl\u00e9ment alimentaire","og_url":"https:\/\/rilastil.com\/fr\/produit\/complement-alimentaire\/","og_site_name":"Rilastil","article_modified_time":"2021-03-31T16:27:44+00:00","og_image":[{"width":240,"height":587,"url":"https:\/\/rilastil.com\/wp-content\/uploads\/2021\/02\/SS-_-INTEGRATORE.png","type":"image\/png"}],"twitter_card":"summary_large_image","schema":{"@context":"https:\/\/schema.org","@graph":[{"@type":"WebPage","@id":"https:\/\/rilastil.com\/fr\/produit\/complement-alimentaire\/","url":"https:\/\/rilastil.com\/fr\/produit\/complement-alimentaire\/","name":"Compl\u00e9ment alimentaire - Rilastil","isPartOf":{"@id":"https:\/\/rilastil.com\/fr\/#website"},"datePublished":"2020-08-06T10:09:15+00:00","dateModified":"2021-03-31T16:27:44+00:00","breadcrumb":{"@id":"https:\/\/rilastil.com\/fr\/produit\/complement-alimentaire\/#breadcrumb"},"inLanguage":"fr-FR","potentialAction":[{"@type":"ReadAction","target":["https:\/\/rilastil.com\/fr\/produit\/complement-alimentaire\/"]}]},{"@type":"BreadcrumbList","@id":"https:\/\/rilastil.com\/fr\/produit\/complement-alimentaire\/#breadcrumb","itemListElement":[{"@type":"ListItem","position":1,"name":"Home","item":"https:\/\/rilastil.com\/fr\/"},{"@type":"ListItem","position":2,"name":"Produits","item":"https:\/\/rilastil.com\/fr\/shop\/"},{"@type":"ListItem","position":3,"name":"Compl\u00e9ment alimentaire"}]},{"@type":"WebSite","@id":"https:\/\/rilastil.com\/fr\/#website","url":"https:\/\/rilastil.com\/fr\/","name":"Rilastil","description":"Laboratori Milano","publisher":{"@id":"https:\/\/rilastil.com\/fr\/#organization"},"potentialAction":[{"@type":"SearchAction","target":{"@type":"EntryPoint","urlTemplate":"https:\/\/rilastil.com\/fr\/?s={search_term_string}"},"query-input":"required name=search_term_string"}],"inLanguage":"fr-FR"},{"@type":"Organization","@id":"https:\/\/rilastil.com\/fr\/#organization","name":"Rilastil","url":"https:\/\/rilastil.com\/fr\/","logo":{"@type":"ImageObject","inLanguage":"fr-FR","@id":"https:\/\/rilastil.com\/fr\/#\/schema\/logo\/image\/","url":"https:\/\/rilastil.com\/wp-content\/uploads\/2019\/02\/cropped-Logo-Rilastil@2x.png","contentUrl":"https:\/\/rilastil.com\/wp-content\/uploads\/2019\/02\/cropped-Logo-Rilastil@2x.png","width":200,"height":122,"caption":"Rilastil"},"image":{"@id":"https:\/\/rilastil.com\/fr\/#\/schema\/logo\/image\/"}}]}},"_links":{"self":[{"href":"https:\/\/rilastil.com\/fr\/wp-json\/wp\/v2\/product\/54198"}],"collection":[{"href":"https:\/\/rilastil.com\/fr\/wp-json\/wp\/v2\/product"}],"about":[{"href":"https:\/\/rilastil.com\/fr\/wp-json\/wp\/v2\/types\/product"}],"wp:featuredmedia":[{"embeddable":true,"href":"https:\/\/rilastil.com\/fr\/wp-json\/wp\/v2\/media\/61768"}],"wp:attachment":[{"href":"https:\/\/rilastil.com\/fr\/wp-json\/wp\/v2\/media?parent=54198"}],"wp:term":[{"taxonomy":"product_cat","embeddable":true,"href":"https:\/\/rilastil.com\/fr\/wp-json\/wp\/v2\/product_cat?post=54198"},{"taxonomy":"product_tag","embeddable":true,"href":"https:\/\/rilastil.com\/fr\/wp-json\/wp\/v2\/product_tag?post=54198"}],"curies":[{"name":"wp","href":"https:\/\/api.w.org\/{rel}","templated":true}]}}